{"id":747,"date":"2020-01-27T09:07:46","date_gmt":"2020-01-27T09:07:46","guid":{"rendered":"http:\/\/nazariapistachio.com\/producto\/pistachio-green-peeled-kernel\/"},"modified":"2020-07-29T08:33:38","modified_gmt":"2020-07-29T08:33:38","slug":"pistachio-green-peeled-kernel","status":"publish","type":"product","link":"https:\/\/nazariapistachio.com\/en\/product\/pistachio-green-peeled-kernel\/","title":{"rendered":"Pistachio Green Peeled Kernel"},"content":{"rendered":"<div class=\"wpb-content-wrapper\">[vc_row][vc_column][vc_column_text css=&#8221;.vc_custom_1584095471147{padding-left: 3% !important;background-color: #cfae1e !important;}&#8221;]\n<h3><span data-text-color=\"success\">GRADOS<\/span><\/h3>\n[\/vc_column_text][vc_row_inner equal_height=&#8221;yes&#8221; content_placement=&#8221;middle&#8221;][vc_column_inner width=&#8221;1\/3&#8243;][vc_column_text]GRADE S<br \/>\nGRADO A<br \/>\nGRADO\u00a0B<br \/>\nGRADO\u00a0C<br \/>\nGRADO\u00a0D<br \/>\nGRADO\u00a0F<br \/>\nGRADO\u00a0H[\/vc_column_text][\/vc_column_inner][vc_column_inner width=&#8221;2\/3&#8243;][vc_single_image image=&#8221;492&#8243; img_size=&#8221;large&#8221;][\/vc_column_inner][\/vc_row_inner][\/vc_column][\/vc_row][vc_row][vc_column][vc_row_inner][vc_column_inner][vc_column_text css=&#8221;.vc_custom_1583842612915{padding-left: 3% !important;background-color: #cfae1e !important;}&#8221;]\n<h3><span data-text-color=\"success\">EMBALAJE<\/span><\/h3>\n[\/vc_column_text][\/vc_column_inner][\/vc_row_inner][vc_column_text]\n<h4>a) Est\u00e1ndar:<\/h4>\n<p>\u2022 Sacos de 25 o 50 kilos.<br \/>\n\u2022 Caja de cart\u00f3n con bolsa de pl\u00e1stico al vac\u00edo de 10 kilos.<\/p>\n<h4>b) A petici\u00f3n de cliente<\/h4>\n[\/vc_column_text][\/vc_column][\/vc_row]\n<\/div>","protected":false},"excerpt":{"rendered":"[vc_row][vc_column][vc_column_text css=&#8221;.vc_custom_1584095471147{padding-left: 3% !important;background-color: #cfae1e !important;}&#8221;]\n<h3><span data-text-color=\"success\">GRADES<\/span><\/h3>\n[\/vc_column_text][vc_row_inner equal_height=&#8221;yes&#8221; content_placement=&#8221;middle&#8221;][vc_column_inner width=&#8221;1\/3&#8243;][vc_column_text]GRADE S<br \/>\nGRADE A<br \/>\nGRADE\u00a0B<br \/>\nGRADE\u00a0C<br \/>\nGRADE\u00a0D<br \/>\nGRADE\u00a0F<br \/>\nGRADE\u00a0H[\/vc_column_text][\/vc_column_inner][vc_column_inner width=&#8221;2\/3&#8243;][vc_single_image image=&#8221;492&#8243; img_size=&#8221;large&#8221;][\/vc_column_inner][\/vc_row_inner][\/vc_column][\/vc_row][vc_row][vc_column][vc_row_inner][vc_column_inner][vc_column_text css=&#8221;.vc_custom_1583842612915{padding-left: 3% !important;background-color: #cfae1e !important;}&#8221;]\n<h3><span data-text-color=\"success\">PACKING<\/span><\/h3>\n[\/vc_column_text][\/vc_column_inner][\/vc_row_inner][vc_column_text]\n<h4>a) Standard:<\/h4>\n<p>\u2022 Sacks of 25 or 50 kg.<br \/>\n\u2022 Cartons boxes of 10 kg with polybag vacuum.<\/p>\n<h4>b) According to customer request<\/h4>\n[\/vc_column_text][\/vc_column][\/vc_row]\n","protected":false},"featured_media":702,"template":"","meta":[],"product_cat":[36,31],"product_tag":[],"class_list":["post-747","product","type-product","status-publish","has-post-thumbnail","hentry","product_cat-peeled","product_cat-pistachio"],"yoast_head":"<!-- This site is optimized with the Yoast SEO plugin v20.4 - https:\/\/yoast.com\/wordpress\/plugins\/seo\/ -->\n<title>Pistachio Green Peeled Kernel | Nazaria Pistachio<\/title>\n<meta name=\"robots\" content=\"index, follow, max-snippet:-1, max-image-preview:large, max-video-preview:-1\" \/>\n<link rel=\"canonical\" href=\"https:\/\/nazariapistachio.com\/en\/product\/pistachio-green-peeled-kernel\/\" \/>\n<meta property=\"og:locale\" content=\"en_US\" \/>\n<meta property=\"og:type\" content=\"article\" \/>\n<meta property=\"og:title\" content=\"Pistachio Green Peeled Kernel | Nazaria Pistachio\" \/>\n<meta property=\"og:description\" content=\"[vc_row][vc_column][vc_column_text css=&quot;.vc_custom_1584095471147{padding-left: 3% !important;background-color: #cfae1e !important;}&quot;] GRADES [\/vc_column_text][vc_row_inner equal_height=&quot;yes&quot; content_placement=&quot;middle&quot;][vc_column_inner width=&quot;1\/3&quot;][vc_column_text]GRADE S GRADE A GRADE\u00a0B GRADE\u00a0C GRADE\u00a0D GRADE\u00a0F GRADE\u00a0H[\/vc_column_text][\/vc_column_inner][vc_column_inner width=&quot;2\/3&quot;][vc_single_image image=&quot;492&quot; img_size=&quot;large&quot;][\/vc_column_inner][\/vc_row_inner][\/vc_column][\/vc_row][vc_row][vc_column][vc_row_inner][vc_column_inner][vc_column_text css=&quot;.vc_custom_1583842612915{padding-left: 3% !important;background-color: #cfae1e !important;}&quot;] PACKING [\/vc_column_text][\/vc_column_inner][\/vc_row_inner][vc_column_text] a) Standard: \u2022 Sacks of 25 or 50 kg. \u2022 Cartons boxes of 10 kg with polybag vacuum. b) According to customer request [\/vc_column_text][\/vc_column][\/vc_row]\" \/>\n<meta property=\"og:url\" content=\"https:\/\/nazariapistachio.com\/en\/product\/pistachio-green-peeled-kernel\/\" \/>\n<meta property=\"og:site_name\" content=\"Nazaria Pistachio\" \/>\n<meta property=\"article:modified_time\" content=\"2020-07-29T08:33:38+00:00\" \/>\n<meta property=\"og:image\" content=\"https:\/\/nazariapistachio.com\/wp-content\/uploads\/2020\/01\/green-kernel.jpg\" \/>\n\t<meta property=\"og:image:width\" content=\"1500\" \/>\n\t<meta property=\"og:image:height\" content=\"1000\" \/>\n\t<meta property=\"og:image:type\" content=\"image\/jpeg\" \/>\n<meta name=\"twitter:card\" content=\"summary_large_image\" \/>\n<meta name=\"twitter:label1\" content=\"Est. reading time\" \/>\n\t<meta name=\"twitter:data1\" content=\"1 minute\" \/>\n<script type=\"application\/ld+json\" class=\"yoast-schema-graph\">{\"@context\":\"https:\/\/schema.org\",\"@graph\":[{\"@type\":\"WebPage\",\"@id\":\"https:\/\/nazariapistachio.com\/en\/product\/pistachio-green-peeled-kernel\/\",\"url\":\"https:\/\/nazariapistachio.com\/en\/product\/pistachio-green-peeled-kernel\/\",\"name\":\"Pistachio Green Peeled Kernel | Nazaria Pistachio\",\"isPartOf\":{\"@id\":\"https:\/\/nazariapistachio.com\/en\/#website\"},\"datePublished\":\"2020-01-27T09:07:46+00:00\",\"dateModified\":\"2020-07-29T08:33:38+00:00\",\"breadcrumb\":{\"@id\":\"https:\/\/nazariapistachio.com\/en\/product\/pistachio-green-peeled-kernel\/#breadcrumb\"},\"inLanguage\":\"en-US\",\"potentialAction\":[{\"@type\":\"ReadAction\",\"target\":[\"https:\/\/nazariapistachio.com\/en\/product\/pistachio-green-peeled-kernel\/\"]}]},{\"@type\":\"BreadcrumbList\",\"@id\":\"https:\/\/nazariapistachio.com\/en\/product\/pistachio-green-peeled-kernel\/#breadcrumb\",\"itemListElement\":[{\"@type\":\"ListItem\",\"position\":1,\"name\":\"Portada\",\"item\":\"https:\/\/nazariapistachio.com\/en\/\"},{\"@type\":\"ListItem\",\"position\":2,\"name\":\"Products\",\"item\":\"https:\/\/nazariapistachio.com\/en\/products\/\"},{\"@type\":\"ListItem\",\"position\":3,\"name\":\"Pistachio Green Peeled Kernel\"}]},{\"@type\":\"WebSite\",\"@id\":\"https:\/\/nazariapistachio.com\/en\/#website\",\"url\":\"https:\/\/nazariapistachio.com\/en\/\",\"name\":\"Nazaria Pistachio\",\"description\":\"Importaci\u00f3n y distribuci\u00f3n de frutos secos\",\"publisher\":{\"@id\":\"https:\/\/nazariapistachio.com\/en\/#organization\"},\"potentialAction\":[{\"@type\":\"SearchAction\",\"target\":{\"@type\":\"EntryPoint\",\"urlTemplate\":\"https:\/\/nazariapistachio.com\/en\/?s={search_term_string}\"},\"query-input\":\"required name=search_term_string\"}],\"inLanguage\":\"en-US\"},{\"@type\":\"Organization\",\"@id\":\"https:\/\/nazariapistachio.com\/en\/#organization\",\"name\":\"Nazaria Pistachio\",\"url\":\"https:\/\/nazariapistachio.com\/en\/\",\"logo\":{\"@type\":\"ImageObject\",\"inLanguage\":\"en-US\",\"@id\":\"https:\/\/nazariapistachio.com\/en\/#\/schema\/logo\/image\/\",\"url\":\"https:\/\/nazariapistachio.com\/wp-content\/uploads\/2020\/02\/logo-nazaria-pistachio.png\",\"contentUrl\":\"https:\/\/nazariapistachio.com\/wp-content\/uploads\/2020\/02\/logo-nazaria-pistachio.png\",\"width\":143,\"height\":157,\"caption\":\"Nazaria Pistachio\"},\"image\":{\"@id\":\"https:\/\/nazariapistachio.com\/en\/#\/schema\/logo\/image\/\"},\"sameAs\":[\"https:\/\/www.instagram.com\/nazariapistachio\"]}]}<\/script>\n<!-- \/ Yoast SEO plugin. -->","yoast_head_json":{"title":"Pistachio Green Peeled Kernel | Nazaria Pistachio","robots":{"index":"index","follow":"follow","max-snippet":"max-snippet:-1","max-image-preview":"max-image-preview:large","max-video-preview":"max-video-preview:-1"},"canonical":"https:\/\/nazariapistachio.com\/en\/product\/pistachio-green-peeled-kernel\/","og_locale":"en_US","og_type":"article","og_title":"Pistachio Green Peeled Kernel | Nazaria Pistachio","og_description":"[vc_row][vc_column][vc_column_text css=\".vc_custom_1584095471147{padding-left: 3% !important;background-color: #cfae1e !important;}\"] GRADES [\/vc_column_text][vc_row_inner equal_height=\"yes\" content_placement=\"middle\"][vc_column_inner width=\"1\/3\"][vc_column_text]GRADE S GRADE A GRADE\u00a0B GRADE\u00a0C GRADE\u00a0D GRADE\u00a0F GRADE\u00a0H[\/vc_column_text][\/vc_column_inner][vc_column_inner width=\"2\/3\"][vc_single_image image=\"492\" img_size=\"large\"][\/vc_column_inner][\/vc_row_inner][\/vc_column][\/vc_row][vc_row][vc_column][vc_row_inner][vc_column_inner][vc_column_text css=\".vc_custom_1583842612915{padding-left: 3% !important;background-color: #cfae1e !important;}\"] PACKING [\/vc_column_text][\/vc_column_inner][\/vc_row_inner][vc_column_text] a) Standard: \u2022 Sacks of 25 or 50 kg. \u2022 Cartons boxes of 10 kg with polybag vacuum. b) According to customer request [\/vc_column_text][\/vc_column][\/vc_row]","og_url":"https:\/\/nazariapistachio.com\/en\/product\/pistachio-green-peeled-kernel\/","og_site_name":"Nazaria Pistachio","article_modified_time":"2020-07-29T08:33:38+00:00","og_image":[{"width":1500,"height":1000,"url":"https:\/\/nazariapistachio.com\/wp-content\/uploads\/2020\/01\/green-kernel.jpg","type":"image\/jpeg"}],"twitter_card":"summary_large_image","twitter_misc":{"Est. reading time":"1 minute"},"schema":{"@context":"https:\/\/schema.org","@graph":[{"@type":"WebPage","@id":"https:\/\/nazariapistachio.com\/en\/product\/pistachio-green-peeled-kernel\/","url":"https:\/\/nazariapistachio.com\/en\/product\/pistachio-green-peeled-kernel\/","name":"Pistachio Green Peeled Kernel | Nazaria Pistachio","isPartOf":{"@id":"https:\/\/nazariapistachio.com\/en\/#website"},"datePublished":"2020-01-27T09:07:46+00:00","dateModified":"2020-07-29T08:33:38+00:00","breadcrumb":{"@id":"https:\/\/nazariapistachio.com\/en\/product\/pistachio-green-peeled-kernel\/#breadcrumb"},"inLanguage":"en-US","potentialAction":[{"@type":"ReadAction","target":["https:\/\/nazariapistachio.com\/en\/product\/pistachio-green-peeled-kernel\/"]}]},{"@type":"BreadcrumbList","@id":"https:\/\/nazariapistachio.com\/en\/product\/pistachio-green-peeled-kernel\/#breadcrumb","itemListElement":[{"@type":"ListItem","position":1,"name":"Portada","item":"https:\/\/nazariapistachio.com\/en\/"},{"@type":"ListItem","position":2,"name":"Products","item":"https:\/\/nazariapistachio.com\/en\/products\/"},{"@type":"ListItem","position":3,"name":"Pistachio Green Peeled Kernel"}]},{"@type":"WebSite","@id":"https:\/\/nazariapistachio.com\/en\/#website","url":"https:\/\/nazariapistachio.com\/en\/","name":"Nazaria Pistachio","description":"Importaci\u00f3n y distribuci\u00f3n de frutos secos","publisher":{"@id":"https:\/\/nazariapistachio.com\/en\/#organization"},"potentialAction":[{"@type":"SearchAction","target":{"@type":"EntryPoint","urlTemplate":"https:\/\/nazariapistachio.com\/en\/?s={search_term_string}"},"query-input":"required name=search_term_string"}],"inLanguage":"en-US"},{"@type":"Organization","@id":"https:\/\/nazariapistachio.com\/en\/#organization","name":"Nazaria Pistachio","url":"https:\/\/nazariapistachio.com\/en\/","logo":{"@type":"ImageObject","inLanguage":"en-US","@id":"https:\/\/nazariapistachio.com\/en\/#\/schema\/logo\/image\/","url":"https:\/\/nazariapistachio.com\/wp-content\/uploads\/2020\/02\/logo-nazaria-pistachio.png","contentUrl":"https:\/\/nazariapistachio.com\/wp-content\/uploads\/2020\/02\/logo-nazaria-pistachio.png","width":143,"height":157,"caption":"Nazaria Pistachio"},"image":{"@id":"https:\/\/nazariapistachio.com\/en\/#\/schema\/logo\/image\/"},"sameAs":["https:\/\/www.instagram.com\/nazariapistachio"]}]}},"_links":{"self":[{"href":"https:\/\/nazariapistachio.com\/en\/wp-json\/wp\/v2\/product\/747","targetHints":{"allow":["GET"]}}],"collection":[{"href":"https:\/\/nazariapistachio.com\/en\/wp-json\/wp\/v2\/product"}],"about":[{"href":"https:\/\/nazariapistachio.com\/en\/wp-json\/wp\/v2\/types\/product"}],"wp:featuredmedia":[{"embeddable":true,"href":"https:\/\/nazariapistachio.com\/en\/wp-json\/wp\/v2\/media\/702"}],"wp:attachment":[{"href":"https:\/\/nazariapistachio.com\/en\/wp-json\/wp\/v2\/media?parent=747"}],"wp:term":[{"taxonomy":"product_cat","embeddable":true,"href":"https:\/\/nazariapistachio.com\/en\/wp-json\/wp\/v2\/product_cat?post=747"},{"taxonomy":"product_tag","embeddable":true,"href":"https:\/\/nazariapistachio.com\/en\/wp-json\/wp\/v2\/product_tag?post=747"}],"curies":[{"name":"wp","href":"https:\/\/api.w.org\/{rel}","templated":true}]}}