{"id":748,"date":"2020-01-26T15:17:09","date_gmt":"2020-01-26T15:17:09","guid":{"rendered":"http:\/\/nazariapistachio.com\/producto\/pistachio-regular-kernel\/"},"modified":"2020-07-29T08:35:40","modified_gmt":"2020-07-29T08:35:40","slug":"pistachio-regular-kernel","status":"publish","type":"product","link":"https:\/\/nazariapistachio.com\/en\/product\/pistachio-regular-kernel\/","title":{"rendered":"Pistachio Regular Kernel"},"content":{"rendered":"<div class=\"wpb-content-wrapper\">[vc_row][vc_column][vc_row_inner][vc_column_inner][vc_column_text css=&#8221;.vc_custom_1583842612915{padding-left: 3% !important;background-color: #cfae1e !important;}&#8221;]\n<h3><span data-text-color=\"success\">EMBALAJE<\/span><\/h3>\n[\/vc_column_text][\/vc_column_inner][\/vc_row_inner][vc_column_text]\n<h4>a) Est\u00e1ndar:<\/h4>\n<p>\u2022 Sacos de 25 o 50 kilos.<br \/>\n\u2022 Caja de cart\u00f3n con bolsa de pl\u00e1stico al vac\u00edo de 10 kilos.<\/p>\n<h4>b) A petici\u00f3n de cliente<\/h4>\n[\/vc_column_text][\/vc_column][\/vc_row]\n<\/div>","protected":false},"excerpt":{"rendered":"[vc_row][vc_column][vc_row_inner][vc_column_inner][vc_column_text css=&#8221;.vc_custom_1583842612915{padding-left: 3% !important;background-color: #cfae1e !important;}&#8221;]\n<h3><span data-text-color=\"success\">PACKING<\/span><\/h3>\n[\/vc_column_text][\/vc_column_inner][\/vc_row_inner][vc_column_text]\n<h4>a) Standard:<\/h4>\n<p>\u2022 Sacks of 25 o 50 kg.<br \/>\n\u2022 Cartons boxes of 10 kg with polybag vacuum.<\/p>\n<h4>b) According to customer request<\/h4>\n[\/vc_column_text][\/vc_column][\/vc_row]\n","protected":false},"featured_media":705,"template":"","meta":[],"product_cat":[36,31],"product_tag":[],"class_list":["post-748","product","type-product","status-publish","has-post-thumbnail","hentry","product_cat-peeled","product_cat-pistachio"],"yoast_head":"<!-- This site is optimized with the Yoast SEO plugin v20.4 - https:\/\/yoast.com\/wordpress\/plugins\/seo\/ -->\n<title>Pistachio Regular Kernel | Nazaria Pistachio<\/title>\n<meta name=\"robots\" content=\"index, follow, max-snippet:-1, max-image-preview:large, max-video-preview:-1\" \/>\n<link rel=\"canonical\" href=\"https:\/\/nazariapistachio.com\/en\/product\/pistachio-regular-kernel\/\" \/>\n<meta property=\"og:locale\" content=\"en_US\" \/>\n<meta property=\"og:type\" content=\"article\" \/>\n<meta property=\"og:title\" content=\"Pistachio Regular Kernel | Nazaria Pistachio\" \/>\n<meta property=\"og:description\" content=\"[vc_row][vc_column][vc_row_inner][vc_column_inner][vc_column_text css=&quot;.vc_custom_1583842612915{padding-left: 3% !important;background-color: #cfae1e !important;}&quot;] PACKING [\/vc_column_text][\/vc_column_inner][\/vc_row_inner][vc_column_text] a) Standard: \u2022 Sacks of 25 o 50 kg. \u2022 Cartons boxes of 10 kg with polybag vacuum. b) According to customer request [\/vc_column_text][\/vc_column][\/vc_row]\" \/>\n<meta property=\"og:url\" content=\"https:\/\/nazariapistachio.com\/en\/product\/pistachio-regular-kernel\/\" \/>\n<meta property=\"og:site_name\" content=\"Nazaria Pistachio\" \/>\n<meta property=\"article:modified_time\" content=\"2020-07-29T08:35:40+00:00\" \/>\n<meta property=\"og:image\" content=\"https:\/\/nazariapistachio.com\/wp-content\/uploads\/2020\/01\/regular-kernel.jpg\" \/>\n\t<meta property=\"og:image:width\" content=\"1500\" \/>\n\t<meta property=\"og:image:height\" content=\"1000\" \/>\n\t<meta property=\"og:image:type\" content=\"image\/jpeg\" \/>\n<meta name=\"twitter:card\" content=\"summary_large_image\" \/>\n<script type=\"application\/ld+json\" class=\"yoast-schema-graph\">{\"@context\":\"https:\/\/schema.org\",\"@graph\":[{\"@type\":\"WebPage\",\"@id\":\"https:\/\/nazariapistachio.com\/en\/product\/pistachio-regular-kernel\/\",\"url\":\"https:\/\/nazariapistachio.com\/en\/product\/pistachio-regular-kernel\/\",\"name\":\"Pistachio Regular Kernel | Nazaria Pistachio\",\"isPartOf\":{\"@id\":\"https:\/\/nazariapistachio.com\/en\/#website\"},\"datePublished\":\"2020-01-26T15:17:09+00:00\",\"dateModified\":\"2020-07-29T08:35:40+00:00\",\"breadcrumb\":{\"@id\":\"https:\/\/nazariapistachio.com\/en\/product\/pistachio-regular-kernel\/#breadcrumb\"},\"inLanguage\":\"en-US\",\"potentialAction\":[{\"@type\":\"ReadAction\",\"target\":[\"https:\/\/nazariapistachio.com\/en\/product\/pistachio-regular-kernel\/\"]}]},{\"@type\":\"BreadcrumbList\",\"@id\":\"https:\/\/nazariapistachio.com\/en\/product\/pistachio-regular-kernel\/#breadcrumb\",\"itemListElement\":[{\"@type\":\"ListItem\",\"position\":1,\"name\":\"Portada\",\"item\":\"https:\/\/nazariapistachio.com\/en\/\"},{\"@type\":\"ListItem\",\"position\":2,\"name\":\"Products\",\"item\":\"https:\/\/nazariapistachio.com\/en\/products\/\"},{\"@type\":\"ListItem\",\"position\":3,\"name\":\"Pistachio Regular Kernel\"}]},{\"@type\":\"WebSite\",\"@id\":\"https:\/\/nazariapistachio.com\/en\/#website\",\"url\":\"https:\/\/nazariapistachio.com\/en\/\",\"name\":\"Nazaria Pistachio\",\"description\":\"Importaci\u00f3n y distribuci\u00f3n de frutos secos\",\"publisher\":{\"@id\":\"https:\/\/nazariapistachio.com\/en\/#organization\"},\"potentialAction\":[{\"@type\":\"SearchAction\",\"target\":{\"@type\":\"EntryPoint\",\"urlTemplate\":\"https:\/\/nazariapistachio.com\/en\/?s={search_term_string}\"},\"query-input\":\"required name=search_term_string\"}],\"inLanguage\":\"en-US\"},{\"@type\":\"Organization\",\"@id\":\"https:\/\/nazariapistachio.com\/en\/#organization\",\"name\":\"Nazaria Pistachio\",\"url\":\"https:\/\/nazariapistachio.com\/en\/\",\"logo\":{\"@type\":\"ImageObject\",\"inLanguage\":\"en-US\",\"@id\":\"https:\/\/nazariapistachio.com\/en\/#\/schema\/logo\/image\/\",\"url\":\"https:\/\/nazariapistachio.com\/wp-content\/uploads\/2020\/02\/logo-nazaria-pistachio.png\",\"contentUrl\":\"https:\/\/nazariapistachio.com\/wp-content\/uploads\/2020\/02\/logo-nazaria-pistachio.png\",\"width\":143,\"height\":157,\"caption\":\"Nazaria Pistachio\"},\"image\":{\"@id\":\"https:\/\/nazariapistachio.com\/en\/#\/schema\/logo\/image\/\"},\"sameAs\":[\"https:\/\/www.instagram.com\/nazariapistachio\"]}]}<\/script>\n<!-- \/ Yoast SEO plugin. -->","yoast_head_json":{"title":"Pistachio Regular Kernel | Nazaria Pistachio","robots":{"index":"index","follow":"follow","max-snippet":"max-snippet:-1","max-image-preview":"max-image-preview:large","max-video-preview":"max-video-preview:-1"},"canonical":"https:\/\/nazariapistachio.com\/en\/product\/pistachio-regular-kernel\/","og_locale":"en_US","og_type":"article","og_title":"Pistachio Regular Kernel | Nazaria Pistachio","og_description":"[vc_row][vc_column][vc_row_inner][vc_column_inner][vc_column_text css=\".vc_custom_1583842612915{padding-left: 3% !important;background-color: #cfae1e !important;}\"] PACKING [\/vc_column_text][\/vc_column_inner][\/vc_row_inner][vc_column_text] a) Standard: \u2022 Sacks of 25 o 50 kg. \u2022 Cartons boxes of 10 kg with polybag vacuum. b) According to customer request [\/vc_column_text][\/vc_column][\/vc_row]","og_url":"https:\/\/nazariapistachio.com\/en\/product\/pistachio-regular-kernel\/","og_site_name":"Nazaria Pistachio","article_modified_time":"2020-07-29T08:35:40+00:00","og_image":[{"width":1500,"height":1000,"url":"https:\/\/nazariapistachio.com\/wp-content\/uploads\/2020\/01\/regular-kernel.jpg","type":"image\/jpeg"}],"twitter_card":"summary_large_image","schema":{"@context":"https:\/\/schema.org","@graph":[{"@type":"WebPage","@id":"https:\/\/nazariapistachio.com\/en\/product\/pistachio-regular-kernel\/","url":"https:\/\/nazariapistachio.com\/en\/product\/pistachio-regular-kernel\/","name":"Pistachio Regular Kernel | Nazaria Pistachio","isPartOf":{"@id":"https:\/\/nazariapistachio.com\/en\/#website"},"datePublished":"2020-01-26T15:17:09+00:00","dateModified":"2020-07-29T08:35:40+00:00","breadcrumb":{"@id":"https:\/\/nazariapistachio.com\/en\/product\/pistachio-regular-kernel\/#breadcrumb"},"inLanguage":"en-US","potentialAction":[{"@type":"ReadAction","target":["https:\/\/nazariapistachio.com\/en\/product\/pistachio-regular-kernel\/"]}]},{"@type":"BreadcrumbList","@id":"https:\/\/nazariapistachio.com\/en\/product\/pistachio-regular-kernel\/#breadcrumb","itemListElement":[{"@type":"ListItem","position":1,"name":"Portada","item":"https:\/\/nazariapistachio.com\/en\/"},{"@type":"ListItem","position":2,"name":"Products","item":"https:\/\/nazariapistachio.com\/en\/products\/"},{"@type":"ListItem","position":3,"name":"Pistachio Regular Kernel"}]},{"@type":"WebSite","@id":"https:\/\/nazariapistachio.com\/en\/#website","url":"https:\/\/nazariapistachio.com\/en\/","name":"Nazaria Pistachio","description":"Importaci\u00f3n y distribuci\u00f3n de frutos secos","publisher":{"@id":"https:\/\/nazariapistachio.com\/en\/#organization"},"potentialAction":[{"@type":"SearchAction","target":{"@type":"EntryPoint","urlTemplate":"https:\/\/nazariapistachio.com\/en\/?s={search_term_string}"},"query-input":"required name=search_term_string"}],"inLanguage":"en-US"},{"@type":"Organization","@id":"https:\/\/nazariapistachio.com\/en\/#organization","name":"Nazaria Pistachio","url":"https:\/\/nazariapistachio.com\/en\/","logo":{"@type":"ImageObject","inLanguage":"en-US","@id":"https:\/\/nazariapistachio.com\/en\/#\/schema\/logo\/image\/","url":"https:\/\/nazariapistachio.com\/wp-content\/uploads\/2020\/02\/logo-nazaria-pistachio.png","contentUrl":"https:\/\/nazariapistachio.com\/wp-content\/uploads\/2020\/02\/logo-nazaria-pistachio.png","width":143,"height":157,"caption":"Nazaria Pistachio"},"image":{"@id":"https:\/\/nazariapistachio.com\/en\/#\/schema\/logo\/image\/"},"sameAs":["https:\/\/www.instagram.com\/nazariapistachio"]}]}},"_links":{"self":[{"href":"https:\/\/nazariapistachio.com\/en\/wp-json\/wp\/v2\/product\/748","targetHints":{"allow":["GET"]}}],"collection":[{"href":"https:\/\/nazariapistachio.com\/en\/wp-json\/wp\/v2\/product"}],"about":[{"href":"https:\/\/nazariapistachio.com\/en\/wp-json\/wp\/v2\/types\/product"}],"wp:featuredmedia":[{"embeddable":true,"href":"https:\/\/nazariapistachio.com\/en\/wp-json\/wp\/v2\/media\/705"}],"wp:attachment":[{"href":"https:\/\/nazariapistachio.com\/en\/wp-json\/wp\/v2\/media?parent=748"}],"wp:term":[{"taxonomy":"product_cat","embeddable":true,"href":"https:\/\/nazariapistachio.com\/en\/wp-json\/wp\/v2\/product_cat?post=748"},{"taxonomy":"product_tag","embeddable":true,"href":"https:\/\/nazariapistachio.com\/en\/wp-json\/wp\/v2\/product_tag?post=748"}],"curies":[{"name":"wp","href":"https:\/\/api.w.org\/{rel}","templated":true}]}}